{"id":3287,"date":"2025-05-22T16:43:23","date_gmt":"2025-05-22T16:43:23","guid":{"rendered":"https:\/\/abworks.synology.me\/mediacapital\/?page_id=3287"},"modified":"2025-07-11T16:54:13","modified_gmt":"2025-07-11T16:54:13","slug":"condicoes-gerais","status":"publish","type":"page","link":"https:\/\/abworks.synology.me\/mediacapital\/condicoes-gerais\/","title":{"rendered":"Condi\u00e7\u00f5es gerais de Contrata\u00e7\u00e3o"},"content":{"rendered":"","protected":false},"excerpt":{"rendered":"","protected":false},"author":1,"featured_media":0,"parent":0,"menu_order":0,"comment_status":"closed","ping_status":"closed","template":"pages\/freecontent.php","meta":{"_acf_changed":false,"footnotes":""},"class_list":["post-3287","page","type-page","status-publish","hentry"],"acf":[],"lang":"pt","translations":{"pt":3287},"pll_sync_post":[],"_links":{"self":[{"href":"https:\/\/abworks.synology.me\/mediacapital\/wp-json\/wp\/v2\/pages\/3287","targetHints":{"allow":["GET"]}}],"collection":[{"href":"https:\/\/abworks.synology.me\/mediacapital\/wp-json\/wp\/v2\/pages"}],"about":[{"href":"https:\/\/abworks.synology.me\/mediacapital\/wp-json\/wp\/v2\/types\/page"}],"author":[{"embeddable":true,"href":"https:\/\/abworks.synology.me\/mediacapital\/wp-json\/wp\/v2\/users\/1"}],"replies":[{"embeddable":true,"href":"https:\/\/abworks.synology.me\/mediacapital\/wp-json\/wp\/v2\/comments?post=3287"}],"version-history":[{"count":21,"href":"https:\/\/abworks.synology.me\/mediacapital\/wp-json\/wp\/v2\/pages\/3287\/revisions"}],"predecessor-version":[{"id":4511,"href":"https:\/\/abworks.synology.me\/mediacapital\/wp-json\/wp\/v2\/pages\/3287\/revisions\/4511"}],"wp:attachment":[{"href":"https:\/\/abworks.synology.me\/mediacapital\/wp-json\/wp\/v2\/media?parent=3287"}],"curies":[{"name":"wp","href":"https:\/\/api.w.org\/{rel}","templated":true}]}}